{"id":45,"date":"2023-12-12T12:52:47","date_gmt":"2023-12-12T12:52:47","guid":{"rendered":"https:\/\/alzagroup.org\/?page_id=45"},"modified":"2024-02-15T11:00:16","modified_gmt":"2024-02-15T14:00:16","slug":"sobre-nosotros","status":"publish","type":"page","link":"https:\/\/alzagroup.org\/es\/sobre-nosotros\/","title":{"rendered":"Sobre nosotros"},"content":{"rendered":"\t\t<div data-elementor-type=\"wp-page\" data-elementor-id=\"45\" class=\"elementor elementor-45\" data-elementor-post-type=\"page\">\n\t\t\t\t<div class=\"elementor-element elementor-element-73305f8 e-flex e-con-boxed elementor-invisible e-con e-parent\" data-id=\"73305f8\" data-element_type=\"container\" data-settings=\"{&quot;background_background&quot;:&quot;video&quot;,&quot;background_video_link&quot;:&quot;https:\\\/\\\/youtu.be\\\/JOet-ftGans&quot;,&quot;animation&quot;:&quot;fadeInDown&quot;,&quot;background_play_on_mobile&quot;:&quot;yes&quot;,&quot;motion_fx_motion_fx_scrolling&quot;:&quot;yes&quot;,&quot;motion_fx_translateY_effect&quot;:&quot;yes&quot;,&quot;motion_fx_translateY_speed&quot;:{&quot;unit&quot;:&quot;px&quot;,&quot;size&quot;:6.3,&quot;sizes&quot;:[]},&quot;motion_fx_translateY_affectedRange&quot;:{&quot;unit&quot;:&quot;%&quot;,&quot;size&quot;:&quot;&quot;,&quot;sizes&quot;:{&quot;start&quot;:52,&quot;end&quot;:100}},&quot;motion_fx_devices&quot;:[&quot;desktop&quot;,&quot;tablet&quot;,&quot;mobile&quot;]}\">\n\t\t\t\t\t<div class=\"e-con-inner\">\n\t\t<div class=\"elementor-background-video-container\">\n\t\t\t\t\t\t\t<div class=\"elementor-background-video-embed\"><\/div>\n\t\t\t\t\t\t<\/div>\t\t\t<\/div>\n\t\t\t\t<\/div>\n\t\t<div class=\"elementor-element elementor-element-9ec76b0 animated-slow e-flex e-con-boxed elementor-invisible e-con e-parent\" data-id=\"9ec76b0\" data-element_type=\"container\" data-settings=\"{&quot;background_background&quot;:&quot;classic&quot;,&quot;motion_fx_motion_fx_mouse&quot;:&quot;yes&quot;,&quot;motion_fx_mouseTrack_effect&quot;:&quot;yes&quot;,&quot;motion_fx_mouseTrack_speed&quot;:{&quot;unit&quot;:&quot;px&quot;,&quot;size&quot;:0.2,&quot;sizes&quot;:[]},&quot;animation&quot;:&quot;fadeInLeft&quot;}\">\n\t\t\t\t\t<div class=\"e-con-inner\">\n\t\t<div class=\"elementor-element elementor-element-00ddb7c e-con-full e-flex e-con e-child\" data-id=\"00ddb7c\" data-element_type=\"container\" data-settings=\"{&quot;background_background&quot;:&quot;classic&quot;}\">\n\t\t\t\t<div class=\"elementor-element elementor-element-05b829d elementor-widget__width-initial elementor-widget elementor-widget-image\" data-id=\"05b829d\" data-element_type=\"widget\" data-widget_type=\"image.default\">\n\t\t\t\t<div class=\"elementor-widget-container\">\n\t\t\t\t\t\t\t\t\t\t\t\t\t\t\t<img decoding=\"async\" width=\"150\" height=\"150\" src=\"https:\/\/alzagroup.org\/wp-content\/uploads\/2023\/12\/alzagroup-iso-color.svg\" class=\"attachment-thumbnail size-thumbnail wp-image-10\" alt=\"\" \/>\t\t\t\t\t\t\t\t\t\t\t\t\t\t\t<\/div>\n\t\t\t\t<\/div>\n\t\t\t\t<div class=\"elementor-element elementor-element-b76dda9 elementor-widget elementor-widget-heading\" data-id=\"b76dda9\" data-element_type=\"widget\" data-widget_type=\"heading.default\">\n\t\t\t\t<div class=\"elementor-widget-container\">\n\t\t\t\t\t<h2 class=\"elementor-heading-title elementor-size-default\">Sobre nosotros<\/h2>\t\t\t\t<\/div>\n\t\t\t\t<\/div>\n\t\t\t\t<div class=\"elementor-element elementor-element-bf54b1b elementor-widget__width-initial elementor-widget elementor-widget-text-editor\" data-id=\"bf54b1b\" data-element_type=\"widget\" data-widget_type=\"text-editor.default\">\n\t\t\t\t<div class=\"elementor-widget-container\">\n\t\t\t\t\t\t\t\t\t<p class=\"p1\">Alza Group es una empresa enfocada en el desarrollo de negocios internacionales desde el a\u00e9rea log\u00edstica.<\/p><p class=\"p1\">Nos apasiona crear soluciones de valor genuino que les permita, a quienes trabajan con nosotros, el crecimiento y la superaci\u00f3n de cualquier desaf\u00edo empresarial.<\/p><p class=\"p1\">Impulsamos a nuestros clientes a diferenciarse en un mercado altamente competitivo<span class=\"s1\">. <\/span><\/p>\t\t\t\t\t\t\t\t<\/div>\n\t\t\t\t<\/div>\n\t\t\t\t<\/div>\n\t\t\t\t\t<\/div>\n\t\t\t\t<\/div>\n\t\t<div class=\"elementor-element elementor-element-df3b4f1 animated-slow e-flex e-con-boxed elementor-invisible e-con e-parent\" data-id=\"df3b4f1\" data-element_type=\"container\" data-settings=\"{&quot;background_background&quot;:&quot;classic&quot;,&quot;motion_fx_motion_fx_mouse&quot;:&quot;yes&quot;,&quot;motion_fx_mouseTrack_effect&quot;:&quot;yes&quot;,&quot;motion_fx_mouseTrack_speed&quot;:{&quot;unit&quot;:&quot;px&quot;,&quot;size&quot;:0.1,&quot;sizes&quot;:[]},&quot;animation&quot;:&quot;fadeInRight&quot;,&quot;animation_delay&quot;:300}\">\n\t\t\t\t\t<div class=\"e-con-inner\">\n\t\t<div class=\"elementor-element elementor-element-37e33f7 e-con-full e-flex e-con e-child\" data-id=\"37e33f7\" data-element_type=\"container\" data-settings=\"{&quot;background_background&quot;:&quot;classic&quot;}\">\n\t\t\t\t<div class=\"elementor-element elementor-element-203b14a elementor-widget__width-initial elementor-widget elementor-widget-image\" data-id=\"203b14a\" data-element_type=\"widget\" data-widget_type=\"image.default\">\n\t\t\t\t<div class=\"elementor-widget-container\">\n\t\t\t\t\t\t\t\t\t\t\t\t\t\t\t<img decoding=\"async\" width=\"150\" height=\"150\" src=\"https:\/\/alzagroup.org\/wp-content\/uploads\/2023\/12\/alzagroup-iso-w.svg\" class=\"attachment-thumbnail size-thumbnail wp-image-14\" alt=\"\" \/>\t\t\t\t\t\t\t\t\t\t\t\t\t\t\t<\/div>\n\t\t\t\t<\/div>\n\t\t\t\t<div class=\"elementor-element elementor-element-7d32f50 elementor-widget elementor-widget-text-editor\" data-id=\"7d32f50\" data-element_type=\"widget\" data-widget_type=\"text-editor.default\">\n\t\t\t\t<div class=\"elementor-widget-container\">\n\t\t\t\t\t\t\t\t\t<p class=\"p1\">Alza Group se encuentra ubicada estrat\u00e9gicamente en Miami, FL, Estados Unidos, con cercan\u00eda al aeropuerto y con f\u00e1cil acceso a las carreteras m\u00e1s importantes para el transporte directo a las principales terminales mar\u00edtimas del sur de Florida.<\/p><p class=\"p1\">\u200bDe esta manera, contamos con la posibilidad de almacenar y distribuir al mundo todo tipo de mercader\u00eda, a trav\u00e9s de los medios a\u00e9reo, mar\u00edtimo y terrestre.<\/p><p class=\"p2\">Brind\u00e1ndote soporte log\u00edstico y comercial de manera global con colaboradores estrat\u00e9gicos en los principales pa\u00edses del mundo.<\/p>\t\t\t\t\t\t\t\t<\/div>\n\t\t\t\t<\/div>\n\t\t\t\t<\/div>\n\t\t\t\t\t<\/div>\n\t\t\t\t<\/div>\n\t\t<div class=\"elementor-element elementor-element-a51e590 e-flex e-con-boxed elementor-invisible e-con e-parent\" data-id=\"a51e590\" data-element_type=\"container\" data-settings=\"{&quot;background_background&quot;:&quot;classic&quot;,&quot;motion_fx_motion_fx_mouse&quot;:&quot;yes&quot;,&quot;motion_fx_mouseTrack_effect&quot;:&quot;yes&quot;,&quot;motion_fx_mouseTrack_speed&quot;:{&quot;unit&quot;:&quot;px&quot;,&quot;size&quot;:0.3,&quot;sizes&quot;:[]},&quot;animation&quot;:&quot;fadeInLeft&quot;}\">\n\t\t\t\t\t<div class=\"e-con-inner\">\n\t\t<div class=\"elementor-element elementor-element-fdc6513 e-con-full e-flex e-con e-child\" data-id=\"fdc6513\" data-element_type=\"container\" data-settings=\"{&quot;background_background&quot;:&quot;classic&quot;}\">\n\t\t\t\t<div class=\"elementor-element elementor-element-3425a7d elementor-widget__width-initial elementor-widget elementor-widget-image\" data-id=\"3425a7d\" data-element_type=\"widget\" data-widget_type=\"image.default\">\n\t\t\t\t<div class=\"elementor-widget-container\">\n\t\t\t\t\t\t\t\t\t\t\t\t\t\t\t<img decoding=\"async\" width=\"150\" height=\"150\" src=\"https:\/\/alzagroup.org\/wp-content\/uploads\/2023\/12\/alzagroup-iso-w.svg\" class=\"attachment-thumbnail size-thumbnail wp-image-14\" alt=\"\" \/>\t\t\t\t\t\t\t\t\t\t\t\t\t\t\t<\/div>\n\t\t\t\t<\/div>\n\t\t\t\t<div class=\"elementor-element elementor-element-78bcabc elementor-widget elementor-widget-text-editor\" data-id=\"78bcabc\" data-element_type=\"widget\" data-widget_type=\"text-editor.default\">\n\t\t\t\t<div class=\"elementor-widget-container\">\n\t\t\t\t\t\t\t\t\t<p class=\"p1\">Nuestro equipo est\u00e1 formado durante muchos a\u00f1os de trayectoria, trabajando y estudiando constantemente las necesidades de nuestros clientes.<\/p><p class=\"p1\">As\u00ed, hemos logrado crear un servicio personalizado y con el enfoque log\u00edstico adecuado para el desarrollo de negocios internacionales.<\/p><p class=\"p1\">Cada proyecto de nuestros clientes es nuestra prioridad y estamos comprometidos a trabajar en conjunto con cada uno de nuestros colaboradores para alcanzar las metas que, juntos, nos propongamos.<\/p>\t\t\t\t\t\t\t\t<\/div>\n\t\t\t\t<\/div>\n\t\t\t\t<\/div>\n\t\t\t\t\t<\/div>\n\t\t\t\t<\/div>\n\t\t<div class=\"elementor-element elementor-element-0b35b5a e-flex e-con-boxed elementor-invisible e-con e-parent\" data-id=\"0b35b5a\" data-element_type=\"container\" data-settings=\"{&quot;background_background&quot;:&quot;classic&quot;,&quot;motion_fx_motion_fx_mouse&quot;:&quot;yes&quot;,&quot;motion_fx_mouseTrack_effect&quot;:&quot;yes&quot;,&quot;motion_fx_mouseTrack_speed&quot;:{&quot;unit&quot;:&quot;px&quot;,&quot;size&quot;:0.1,&quot;sizes&quot;:[]},&quot;animation&quot;:&quot;fadeInUp&quot;,&quot;animation_delay&quot;:500}\">\n\t\t\t\t\t<div class=\"e-con-inner\">\n\t\t<div class=\"elementor-element elementor-element-ea523b3 e-con-full e-flex e-con e-child\" data-id=\"ea523b3\" data-element_type=\"container\" data-settings=\"{&quot;background_background&quot;:&quot;classic&quot;}\">\n\t\t\t\t<div class=\"elementor-element elementor-element-b87bba2 elementor-widget__width-inherit elementor-widget elementor-widget-image\" data-id=\"b87bba2\" data-element_type=\"widget\" data-widget_type=\"image.default\">\n\t\t\t\t<div class=\"elementor-widget-container\">\n\t\t\t\t\t\t\t\t\t\t\t\t\t\t\t<img decoding=\"async\" width=\"150\" height=\"150\" src=\"https:\/\/alzagroup.org\/wp-content\/uploads\/2023\/12\/alzagroup-iso-color.svg\" class=\"attachment-thumbnail size-thumbnail wp-image-10\" alt=\"\" \/>\t\t\t\t\t\t\t\t\t\t\t\t\t\t\t<\/div>\n\t\t\t\t<\/div>\n\t\t\t\t<div class=\"elementor-element elementor-element-42d66fe elementor-widget__width-initial elementor-widget elementor-widget-text-editor\" data-id=\"42d66fe\" data-element_type=\"widget\" data-widget_type=\"text-editor.default\">\n\t\t\t\t<div class=\"elementor-widget-container\">\n\t\t\t\t\t\t\t\t\t<p class=\"p1\"><b>Te invitamos a ser parte de esta experiencia.\u00a0<br \/><\/b><\/p><p class=\"p1\">No dudes en contactarnos si tienes alguna consulta o si deseas una cotizaci\u00f3n. Estaremos encantados de ayudarte.<\/p>\t\t\t\t\t\t\t\t<\/div>\n\t\t\t\t<\/div>\n\t\t\t\t<\/div>\n\t\t\t\t\t<\/div>\n\t\t\t\t<\/div>\n\t\t\t\t<\/div>\n\t\t","protected":false},"excerpt":{"rendered":"<p>Sobre nosotros Alza Group es una empresa enfocada en el desarrollo de negocios internacionales desde el a\u00e9rea log\u00edstica. Nos apasiona crear soluciones de valor genuino que les permita, a quienes trabajan con nosotros, el crecimiento y la superaci\u00f3n de cualquier desaf\u00edo empresarial. Impulsamos a nuestros clientes a diferenciarse en un mercado altamente competitivo. Alza Group [&hellip;]<\/p>\n","protected":false},"author":1,"featured_media":0,"parent":0,"menu_order":0,"comment_status":"closed","ping_status":"closed","template":"","meta":{"inline_featured_image":false,"_joinchat":[],"footnotes":""},"class_list":["post-45","page","type-page","status-publish","hentry"],"_links":{"self":[{"href":"https:\/\/alzagroup.org\/es\/wp-json\/wp\/v2\/pages\/45","targetHints":{"allow":["GET"]}}],"collection":[{"href":"https:\/\/alzagroup.org\/es\/wp-json\/wp\/v2\/pages"}],"about":[{"href":"https:\/\/alzagroup.org\/es\/wp-json\/wp\/v2\/types\/page"}],"author":[{"embeddable":true,"href":"https:\/\/alzagroup.org\/es\/wp-json\/wp\/v2\/users\/1"}],"replies":[{"embeddable":true,"href":"https:\/\/alzagroup.org\/es\/wp-json\/wp\/v2\/comments?post=45"}],"version-history":[{"count":5,"href":"https:\/\/alzagroup.org\/es\/wp-json\/wp\/v2\/pages\/45\/revisions"}],"predecessor-version":[{"id":1747,"href":"https:\/\/alzagroup.org\/es\/wp-json\/wp\/v2\/pages\/45\/revisions\/1747"}],"wp:attachment":[{"href":"https:\/\/alzagroup.org\/es\/wp-json\/wp\/v2\/media?parent=45"}],"curies":[{"name":"wp","href":"https:\/\/api.w.org\/{rel}","templated":true}]}}