{"id":49,"date":"2023-12-12T13:03:12","date_gmt":"2023-12-12T13:03:12","guid":{"rendered":"https:\/\/alzagroup.org\/?page_id=49"},"modified":"2024-02-15T15:14:13","modified_gmt":"2024-02-15T18:14:13","slug":"cotizacion","status":"publish","type":"page","link":"https:\/\/alzagroup.org\/es\/cotizacion\/","title":{"rendered":"Cotizaci\u00f3n"},"content":{"rendered":"\t\t<div data-elementor-type=\"wp-page\" data-elementor-id=\"49\" class=\"elementor elementor-49\" data-elementor-post-type=\"page\">\n\t\t\t\t<div class=\"elementor-element elementor-element-217715b e-flex e-con-boxed elementor-invisible e-con e-parent\" data-id=\"217715b\" data-element_type=\"container\" data-settings=\"{&quot;background_background&quot;:&quot;video&quot;,&quot;animation&quot;:&quot;fadeInUp&quot;,&quot;background_video_link&quot;:&quot;https:\\\/\\\/youtu.be\\\/5lZlODLxUu0&quot;,&quot;background_play_on_mobile&quot;:&quot;yes&quot;}\">\n\t\t\t\t\t<div class=\"e-con-inner\">\n\t\t<div class=\"elementor-background-video-container\">\n\t\t\t\t\t\t\t<div class=\"elementor-background-video-embed\"><\/div>\n\t\t\t\t\t\t<\/div>\t\t<div class=\"elementor-element elementor-element-32b6f05 elementor-widget elementor-widget-heading\" data-id=\"32b6f05\" data-element_type=\"widget\" data-widget_type=\"heading.default\">\n\t\t\t\t<div class=\"elementor-widget-container\">\n\t\t\t\t\t<h2 class=\"elementor-heading-title elementor-size-default\">Cotizaci\u00f3n<\/h2>\t\t\t\t<\/div>\n\t\t\t\t<\/div>\n\t\t\t\t<div class=\"elementor-element elementor-element-9ca3931 elementor-widget__width-initial elementor-widget elementor-widget-text-editor\" data-id=\"9ca3931\" data-element_type=\"widget\" data-widget_type=\"text-editor.default\">\n\t\t\t\t<div class=\"elementor-widget-container\">\n\t\t\t\t\t\t\t\t\t<p class=\"p1\">Completa el siguiente formulario con la mayor cantidad de informaci\u00f3n y as\u00ed podr\u00e1s ver c\u00f3mo Alza Group puede adaptar sus soluciones de log\u00edstica integral para satisfacer tus necesidades comerciales \u00fanicas.<\/p><p>\u00a1Empecemos a trabajar juntos!<\/p>\t\t\t\t\t\t\t\t<\/div>\n\t\t\t\t<\/div>\n\t\t\t\t\t<\/div>\n\t\t\t\t<\/div>\n\t\t<div class=\"elementor-element elementor-element-c450e73 e-flex e-con-boxed elementor-invisible e-con e-parent\" data-id=\"c450e73\" data-element_type=\"container\" data-settings=\"{&quot;background_background&quot;:&quot;classic&quot;,&quot;animation&quot;:&quot;fadeInDown&quot;,&quot;animation_delay&quot;:1000}\">\n\t\t\t\t\t<div class=\"e-con-inner\">\n\t\t\t\t<div class=\"elementor-element elementor-element-6f4752a elementor-widget elementor-widget-heading\" data-id=\"6f4752a\" data-element_type=\"widget\" data-widget_type=\"heading.default\">\n\t\t\t\t<div class=\"elementor-widget-container\">\n\t\t\t\t\t<h2 class=\"elementor-heading-title elementor-size-default\">Completa el siguiente formulario<\/h2>\t\t\t\t<\/div>\n\t\t\t\t<\/div>\n\t\t\t\t\t<\/div>\n\t\t\t\t<\/div>\n\t\t<div class=\"elementor-element elementor-element-91b15be e-flex e-con-boxed elementor-invisible e-con e-parent\" data-id=\"91b15be\" data-element_type=\"container\" data-settings=\"{&quot;animation&quot;:&quot;fadeInUp&quot;,&quot;animation_delay&quot;:1400}\">\n\t\t\t\t\t<div class=\"e-con-inner\">\n\t\t\t\t<div class=\"elementor-element elementor-element-d8c5af2 elementor-button-align-stretch elementor-widget elementor-widget-form\" data-id=\"d8c5af2\" data-element_type=\"widget\" data-settings=\"{&quot;step_next_label&quot;:&quot;Siguiente&quot;,&quot;step_previous_label&quot;:&quot;Anterior&quot;,&quot;step_type&quot;:&quot;progress_bar&quot;,&quot;button_width&quot;:&quot;100&quot;}\" data-widget_type=\"form.default\">\n\t\t\t\t<div class=\"elementor-widget-container\">\n\t\t\t\t\t\t\t<form class=\"elementor-form\" method=\"post\" name=\"New Form\">\n\t\t\t<input type=\"hidden\" name=\"post_id\" value=\"49\"\/>\n\t\t\t<input type=\"hidden\" name=\"form_id\" value=\"d8c5af2\"\/>\n\t\t\t<input type=\"hidden\" name=\"referer_title\" value=\"\" \/>\n\n\t\t\t\n\t\t\t<div class=\"elementor-form-fields-wrapper elementor-labels-above\">\n\t\t\t\t\t\t\t\t<div class=\"elementor-field-type-step elementor-field-group elementor-column elementor-field-group-field_7ba157b elementor-col-100\">\n\t\t\t\t\t\t\t<div class=\"e-field-step elementor-hidden\" data-label=\"Datos de la carga\" data-previousButton=\"\" data-nextButton=\"\" data-iconUrl=\"\" data-iconLibrary=\"fas fa-star\" data-icon=\"&lt;svg class=&quot;e-font-icon-svg e-fas-star&quot; viewBox=&quot;0 0 576 512&quot; xmlns=&quot;http:\/\/www.w3.org\/2000\/svg&quot;&gt;&lt;path d=&quot;M259.3 17.8L194 150.2 47.9 171.5c-26.2 3.8-36.7 36.1-17.7 54.6l105.7 103-25 145.5c-4.5 26.3 23.2 46 46.4 33.7L288 439.6l130.7 68.7c23.2 12.2 50.9-7.4 46.4-33.7l-25-145.5 105.7-103c19-18.5 8.5-50.8-17.7-54.6L382 150.2 316.7 17.8c-11.7-23.6-45.6-23.9-57.4 0z&quot;&gt;&lt;\/path&gt;&lt;\/svg&gt;\" ><\/div>\n\n\t\t\t\t\t\t<\/div>\n\t\t\t\t\t\t\t\t<div class=\"elementor-field-type-text elementor-field-group elementor-column elementor-field-group-field_764e7d5 elementor-col-100\">\n\t\t\t\t\t\t\t\t\t\t\t\t<label for=\"form-field-field_764e7d5\" class=\"elementor-field-label\">\n\t\t\t\t\t\t\t\tNombre y Apellido\t\t\t\t\t\t\t<\/label>\n\t\t\t\t\t\t\t\t\t\t\t\t\t\t<input size=\"1\" type=\"text\" name=\"form_fields[field_764e7d5]\" id=\"form-field-field_764e7d5\" class=\"elementor-field elementor-size-sm  elementor-field-textual\" placeholder=\"Ingresa tu nombre y apellidos completos\">\n\t\t\t\t\t\t\t\t\t\t\t<\/div>\n\t\t\t\t\t\t\t\t<div class=\"elementor-field-type-text elementor-field-group elementor-column elementor-field-group-field_86ac53f elementor-col-50\">\n\t\t\t\t\t\t\t\t\t\t\t\t<label for=\"form-field-field_86ac53f\" class=\"elementor-field-label\">\n\t\t\t\t\t\t\t\tTel\u00e9fono\t\t\t\t\t\t\t<\/label>\n\t\t\t\t\t\t\t\t\t\t\t\t\t\t<input size=\"1\" type=\"text\" name=\"form_fields[field_86ac53f]\" id=\"form-field-field_86ac53f\" class=\"elementor-field elementor-size-sm  elementor-field-textual\" placeholder=\"Ingresa un n\u00famero de contacto\">\n\t\t\t\t\t\t\t\t\t\t\t<\/div>\n\t\t\t\t\t\t\t\t<div class=\"elementor-field-type-text elementor-field-group elementor-column elementor-field-group-field_2a469a6 elementor-col-50\">\n\t\t\t\t\t\t\t\t\t\t\t\t<label for=\"form-field-field_2a469a6\" class=\"elementor-field-label\">\n\t\t\t\t\t\t\t\tWhatsapp\t\t\t\t\t\t\t<\/label>\n\t\t\t\t\t\t\t\t\t\t\t\t\t\t<input size=\"1\" type=\"text\" name=\"form_fields[field_2a469a6]\" id=\"form-field-field_2a469a6\" class=\"elementor-field elementor-size-sm  elementor-field-textual\" placeholder=\"Ingresa un n\u00famero de whatsapp\">\n\t\t\t\t\t\t\t\t\t\t\t<\/div>\n\t\t\t\t\t\t\t\t<div class=\"elementor-field-type-email elementor-field-group elementor-column elementor-field-group-email elementor-col-66\">\n\t\t\t\t\t\t\t\t\t\t\t\t<label for=\"form-field-email\" class=\"elementor-field-label\">\n\t\t\t\t\t\t\t\tEmail\t\t\t\t\t\t\t<\/label>\n\t\t\t\t\t\t\t\t\t\t\t\t\t\t<input size=\"1\" type=\"email\" name=\"form_fields[email]\" id=\"form-field-email\" class=\"elementor-field elementor-size-sm  elementor-field-textual\" placeholder=\"Ingresa tu email\">\n\t\t\t\t\t\t\t\t\t\t\t<\/div>\n\t\t\t\t\t\t\t\t<div class=\"elementor-field-type-text elementor-field-group elementor-column elementor-field-group-field_4b5fda2 elementor-col-100\">\n\t\t\t\t\t\t\t\t\t\t\t\t<label for=\"form-field-field_4b5fda2\" class=\"elementor-field-label\">\n\t\t\t\t\t\t\t\tEmpresa\t\t\t\t\t\t\t<\/label>\n\t\t\t\t\t\t\t\t\t\t\t\t\t\t<input size=\"1\" type=\"text\" name=\"form_fields[field_4b5fda2]\" id=\"form-field-field_4b5fda2\" class=\"elementor-field elementor-size-sm  elementor-field-textual\" placeholder=\"Ingresa el nombre de la empresa que formas parte\">\n\t\t\t\t\t\t\t\t\t\t\t<\/div>\n\t\t\t\t\t\t\t\t<div class=\"elementor-field-type-step elementor-field-group elementor-column elementor-field-group-field_192edbb elementor-col-100\">\n\t\t\t\t\t\t\t<div class=\"e-field-step elementor-hidden\" data-label=\"Detalles\" data-previousButton=\"\" data-nextButton=\"\" data-iconUrl=\"\" data-iconLibrary=\"fas fa-star\" data-icon=\"&lt;svg class=&quot;e-font-icon-svg e-fas-star&quot; viewBox=&quot;0 0 576 512&quot; xmlns=&quot;http:\/\/www.w3.org\/2000\/svg&quot;&gt;&lt;path d=&quot;M259.3 17.8L194 150.2 47.9 171.5c-26.2 3.8-36.7 36.1-17.7 54.6l105.7 103-25 145.5c-4.5 26.3 23.2 46 46.4 33.7L288 439.6l130.7 68.7c23.2 12.2 50.9-7.4 46.4-33.7l-25-145.5 105.7-103c19-18.5 8.5-50.8-17.7-54.6L382 150.2 316.7 17.8c-11.7-23.6-45.6-23.9-57.4 0z&quot;&gt;&lt;\/path&gt;&lt;\/svg&gt;\" ><\/div>\n\n\t\t\t\t\t\t<\/div>\n\t\t\t\t\t\t\t\t<div class=\"elementor-field-type-text elementor-field-group elementor-column elementor-field-group-name elementor-col-100 elementor-field-required elementor-mark-required\">\n\t\t\t\t\t\t\t\t\t\t\t\t<label for=\"form-field-name\" class=\"elementor-field-label\">\n\t\t\t\t\t\t\t\tOrigen\t\t\t\t\t\t\t<\/label>\n\t\t\t\t\t\t\t\t\t\t\t\t\t\t<input size=\"1\" type=\"text\" name=\"form_fields[name]\" id=\"form-field-name\" class=\"elementor-field elementor-size-sm  elementor-field-textual\" placeholder=\"Direcci\u00f3n completa con C\u00f3digo Postal\" required=\"required\" aria-required=\"true\">\n\t\t\t\t\t\t\t\t\t\t\t<\/div>\n\t\t\t\t\t\t\t\t<div class=\"elementor-field-type-text elementor-field-group elementor-column elementor-field-group-field_d798158 elementor-col-100 elementor-field-required elementor-mark-required\">\n\t\t\t\t\t\t\t\t\t\t\t\t<label for=\"form-field-field_d798158\" class=\"elementor-field-label\">\n\t\t\t\t\t\t\t\tDestino\t\t\t\t\t\t\t<\/label>\n\t\t\t\t\t\t\t\t\t\t\t\t\t\t<input size=\"1\" type=\"text\" name=\"form_fields[field_d798158]\" id=\"form-field-field_d798158\" class=\"elementor-field elementor-size-sm  elementor-field-textual\" placeholder=\"Direcci\u00f3n completa con C\u00f3digo Postal\" required=\"required\" aria-required=\"true\">\n\t\t\t\t\t\t\t\t\t\t\t<\/div>\n\t\t\t\t\t\t\t\t<div class=\"elementor-field-type-select elementor-field-group elementor-column elementor-field-group-field_c9d4aba elementor-col-30\">\n\t\t\t\t\t\t\t\t\t\t\t\t<label for=\"form-field-field_c9d4aba\" class=\"elementor-field-label\">\n\t\t\t\t\t\t\t\tIncoterms\t\t\t\t\t\t\t<\/label>\n\t\t\t\t\t\t\t\t<div class=\"elementor-field elementor-select-wrapper remove-before \">\n\t\t\t<div class=\"select-caret-down-wrapper\">\n\t\t\t\t<svg aria-hidden=\"true\" class=\"e-font-icon-svg e-eicon-caret-down\" viewBox=\"0 0 571.4 571.4\" xmlns=\"http:\/\/www.w3.org\/2000\/svg\"><path d=\"M571 393Q571 407 561 418L311 668Q300 679 286 679T261 668L11 418Q0 407 0 393T11 368 36 357H536Q550 357 561 368T571 393Z\"><\/path><\/svg>\t\t\t<\/div>\n\t\t\t<select name=\"form_fields[field_c9d4aba]\" id=\"form-field-field_c9d4aba\" class=\"elementor-field-textual elementor-size-sm\">\n\t\t\t\t\t\t\t\t\t<option value=\"Selecciona \">Selecciona <\/option>\n\t\t\t\t\t\t\t\t\t<option value=\"EXW\">EXW<\/option>\n\t\t\t\t\t\t\t\t\t<option value=\"FCA\">FCA<\/option>\n\t\t\t\t\t\t\t\t\t<option value=\"CPT\">CPT<\/option>\n\t\t\t\t\t\t\t\t\t<option value=\"CIP\">CIP<\/option>\n\t\t\t\t\t\t\t\t\t<option value=\"DAP\">DAP<\/option>\n\t\t\t\t\t\t\t\t\t<option value=\"DPU\">DPU<\/option>\n\t\t\t\t\t\t\t\t\t<option value=\"DDP\">DDP<\/option>\n\t\t\t\t\t\t\t\t\t<option value=\"FAS\">FAS<\/option>\n\t\t\t\t\t\t\t\t\t<option value=\"FOB\">FOB<\/option>\n\t\t\t\t\t\t\t\t\t<option value=\"CFR\">CFR<\/option>\n\t\t\t\t\t\t\t\t\t<option value=\"CIF\">CIF<\/option>\n\t\t\t\t\t\t\t<\/select>\n\t\t<\/div>\n\t\t\t\t\t\t<\/div>\n\t\t\t\t\t\t\t\t<div class=\"elementor-field-type-checkbox elementor-field-group elementor-column elementor-field-group-field_fc0aa9e elementor-col-100\">\n\t\t\t\t\t\t\t\t\t\t\t\t<label for=\"form-field-field_fc0aa9e\" class=\"elementor-field-label\">\n\t\t\t\t\t\t\t\tServicio requerido\t\t\t\t\t\t\t<\/label>\n\t\t\t\t\t\t<div class=\"elementor-field-subgroup  elementor-subgroup-inline\"><span class=\"elementor-field-option\"><input type=\"checkbox\" value=\"A\u00e9reo\" id=\"form-field-field_fc0aa9e-0\" name=\"form_fields[field_fc0aa9e][]\"> <label for=\"form-field-field_fc0aa9e-0\">A\u00e9reo<\/label><\/span><span class=\"elementor-field-option\"><input type=\"checkbox\" value=\"Mar\u00edtimos\" id=\"form-field-field_fc0aa9e-1\" name=\"form_fields[field_fc0aa9e][]\"> <label for=\"form-field-field_fc0aa9e-1\">Mar\u00edtimos<\/label><\/span><span class=\"elementor-field-option\"><input type=\"checkbox\" value=\"Terrestre\" id=\"form-field-field_fc0aa9e-2\" name=\"form_fields[field_fc0aa9e][]\"> <label for=\"form-field-field_fc0aa9e-2\">Terrestre<\/label><\/span><span class=\"elementor-field-option\"><input type=\"checkbox\" value=\"Courier\" id=\"form-field-field_fc0aa9e-3\" name=\"form_fields[field_fc0aa9e][]\"> <label for=\"form-field-field_fc0aa9e-3\">Courier<\/label><\/span><span class=\"elementor-field-option\"><input type=\"checkbox\" value=\"Multimodal\" id=\"form-field-field_fc0aa9e-4\" name=\"form_fields[field_fc0aa9e][]\"> <label for=\"form-field-field_fc0aa9e-4\">Multimodal<\/label><\/span><span class=\"elementor-field-option\"><input type=\"checkbox\" value=\"Transporte de Mascotas\" id=\"form-field-field_fc0aa9e-5\" name=\"form_fields[field_fc0aa9e][]\"> <label for=\"form-field-field_fc0aa9e-5\">Transporte de Mascotas<\/label><\/span><\/div>\t\t\t\t<\/div>\n\t\t\t\t\t\t\t\t<div class=\"elementor-field-type-checkbox elementor-field-group elementor-column elementor-field-group-field_b4aa467 elementor-col-100\">\n\t\t\t\t\t\t\t\t\t\t\t\t<label for=\"form-field-field_b4aa467\" class=\"elementor-field-label\">\n\t\t\t\t\t\t\t\tTipo de Servicio\t\t\t\t\t\t\t<\/label>\n\t\t\t\t\t\t<div class=\"elementor-field-subgroup  elementor-subgroup-inline\"><span class=\"elementor-field-option\"><input type=\"checkbox\" value=\"LCL\" id=\"form-field-field_b4aa467-0\" name=\"form_fields[field_b4aa467][]\"> <label for=\"form-field-field_b4aa467-0\">LCL<\/label><\/span><span class=\"elementor-field-option\"><input type=\"checkbox\" value=\"FCL\" id=\"form-field-field_b4aa467-1\" name=\"form_fields[field_b4aa467][]\"> <label for=\"form-field-field_b4aa467-1\">FCL<\/label><\/span><span class=\"elementor-field-option\"><input type=\"checkbox\" value=\"LTL\" id=\"form-field-field_b4aa467-2\" name=\"form_fields[field_b4aa467][]\"> <label for=\"form-field-field_b4aa467-2\">LTL<\/label><\/span><span class=\"elementor-field-option\"><input type=\"checkbox\" value=\"FTL\" id=\"form-field-field_b4aa467-3\" name=\"form_fields[field_b4aa467][]\"> <label for=\"form-field-field_b4aa467-3\">FTL<\/label><\/span><\/div>\t\t\t\t<\/div>\n\t\t\t\t\t\t\t\t<div class=\"elementor-field-type-textarea elementor-field-group elementor-column elementor-field-group-message elementor-col-100\">\n\t\t\t\t\t\t\t\t\t\t\t\t<label for=\"form-field-message\" class=\"elementor-field-label\">\n\t\t\t\t\t\t\t\tDetalles de Peso y medidas de cada bulto: (recuerde detallar la unidad de medida de cada bulto)\t\t\t\t\t\t\t<\/label>\n\t\t\t\t\t\t<textarea class=\"elementor-field-textual elementor-field  elementor-size-sm\" name=\"form_fields[message]\" id=\"form-field-message\" rows=\"4\" placeholder=\"Ingresa el detalle de peso, medidas y\/o volumen\"><\/textarea>\t\t\t\t<\/div>\n\t\t\t\t\t\t\t\t<div class=\"elementor-field-type-textarea elementor-field-group elementor-column elementor-field-group-field_c53bfb9 elementor-col-100\">\n\t\t\t\t\t\t\t\t\t\t\t\t<label for=\"form-field-field_c53bfb9\" class=\"elementor-field-label\">\n\t\t\t\t\t\t\t\tDescripci\u00f3n de la mercader\u00eda:\t\t\t\t\t\t\t<\/label>\n\t\t\t\t\t\t<textarea class=\"elementor-field-textual elementor-field  elementor-size-sm\" name=\"form_fields[field_c53bfb9]\" id=\"form-field-field_c53bfb9\" rows=\"4\" placeholder=\"Ingresa la descripci\u00f3n\"><\/textarea>\t\t\t\t<\/div>\n\t\t\t\t\t\t\t\t<div class=\"elementor-field-type-checkbox elementor-field-group elementor-column elementor-field-group-field_3f71abf elementor-col-50\">\n\t\t\t\t\t\t\t\t\t\t\t\t<label for=\"form-field-field_3f71abf\" class=\"elementor-field-label\">\n\t\t\t\t\t\t\t\tTipo de Embalaje\t\t\t\t\t\t\t<\/label>\n\t\t\t\t\t\t<div class=\"elementor-field-subgroup  elementor-subgroup-inline\"><span class=\"elementor-field-option\"><input type=\"checkbox\" value=\"Box\" id=\"form-field-field_3f71abf-0\" name=\"form_fields[field_3f71abf][]\"> <label for=\"form-field-field_3f71abf-0\">Box<\/label><\/span><span class=\"elementor-field-option\"><input type=\"checkbox\" value=\"Pallet\" id=\"form-field-field_3f71abf-1\" name=\"form_fields[field_3f71abf][]\"> <label for=\"form-field-field_3f71abf-1\">Pallet<\/label><\/span><span class=\"elementor-field-option\"><input type=\"checkbox\" value=\"Otro\" id=\"form-field-field_3f71abf-2\" name=\"form_fields[field_3f71abf][]\"> <label for=\"form-field-field_3f71abf-2\">Otro<\/label><\/span><\/div>\t\t\t\t<\/div>\n\t\t\t\t\t\t\t\t<div class=\"elementor-field-type-radio elementor-field-group elementor-column elementor-field-group-field_75f8060 elementor-col-50\">\n\t\t\t\t\t\t\t\t\t\t\t\t<label for=\"form-field-field_75f8060\" class=\"elementor-field-label\">\n\t\t\t\t\t\t\t\tDetalle\t\t\t\t\t\t\t<\/label>\n\t\t\t\t\t\t<div class=\"elementor-field-subgroup  elementor-subgroup-inline\"><span class=\"elementor-field-option\"><input type=\"radio\" value=\"Apilable\" id=\"form-field-field_75f8060-0\" name=\"form_fields[field_75f8060]\"> <label for=\"form-field-field_75f8060-0\">Apilable<\/label><\/span><span class=\"elementor-field-option\"><input type=\"radio\" value=\"No Apilable\" id=\"form-field-field_75f8060-1\" name=\"form_fields[field_75f8060]\"> <label for=\"form-field-field_75f8060-1\">No Apilable<\/label><\/span><\/div>\t\t\t\t<\/div>\n\t\t\t\t\t\t\t\t<div class=\"elementor-field-type-radio elementor-field-group elementor-column elementor-field-group-field_fa24c55 elementor-col-50\">\n\t\t\t\t\t\t\t\t\t\t\t\t<label for=\"form-field-field_fa24c55\" class=\"elementor-field-label\">\n\t\t\t\t\t\t\t\t\u00bfLa mercader\u00eda contiene flu\u00eddos?\t\t\t\t\t\t\t<\/label>\n\t\t\t\t\t\t<div class=\"elementor-field-subgroup  elementor-subgroup-inline\"><span class=\"elementor-field-option\"><input type=\"radio\" value=\"Si\" id=\"form-field-field_fa24c55-0\" name=\"form_fields[field_fa24c55]\"> <label for=\"form-field-field_fa24c55-0\">Si<\/label><\/span><span class=\"elementor-field-option\"><input type=\"radio\" value=\"No\" id=\"form-field-field_fa24c55-1\" name=\"form_fields[field_fa24c55]\"> <label for=\"form-field-field_fa24c55-1\">No<\/label><\/span><\/div>\t\t\t\t<\/div>\n\t\t\t\t\t\t\t\t<div class=\"elementor-field-type-radio elementor-field-group elementor-column elementor-field-group-field_e1226d4 elementor-col-50\">\n\t\t\t\t\t\t\t\t\t\t\t\t<label for=\"form-field-field_e1226d4\" class=\"elementor-field-label\">\n\t\t\t\t\t\t\t\t\u00bfLa mercader\u00eda es IMO?\t\t\t\t\t\t\t<\/label>\n\t\t\t\t\t\t<div class=\"elementor-field-subgroup  elementor-subgroup-inline\"><span class=\"elementor-field-option\"><input type=\"radio\" value=\"Si\" id=\"form-field-field_e1226d4-0\" name=\"form_fields[field_e1226d4]\"> <label for=\"form-field-field_e1226d4-0\">Si<\/label><\/span><span class=\"elementor-field-option\"><input type=\"radio\" value=\"No\" id=\"form-field-field_e1226d4-1\" name=\"form_fields[field_e1226d4]\"> <label for=\"form-field-field_e1226d4-1\">No<\/label><\/span><\/div>\t\t\t\t<\/div>\n\t\t\t\t\t\t\t\t<div class=\"elementor-field-type-text elementor-field-group elementor-column elementor-field-group-field_ec87bd8 elementor-col-100\">\n\t\t\t\t\t\t\t\t\t\t\t\t<label for=\"form-field-field_ec87bd8\" class=\"elementor-field-label\">\n\t\t\t\t\t\t\t\tN\u00famero de UN\t\t\t\t\t\t\t<\/label>\n\t\t\t\t\t\t\t\t\t\t\t\t\t\t<input size=\"1\" type=\"text\" name=\"form_fields[field_ec87bd8]\" id=\"form-field-field_ec87bd8\" class=\"elementor-field elementor-size-sm  elementor-field-textual\" placeholder=\"Ingresa el n\u00famero de UN\">\n\t\t\t\t\t\t\t\t\t\t\t<\/div>\n\t\t\t\t\t\t\t\t<div class=\"elementor-field-type-textarea elementor-field-group elementor-column elementor-field-group-field_d28ffba elementor-col-100\">\n\t\t\t\t\t\t\t\t\t\t\t\t<label for=\"form-field-field_d28ffba\" class=\"elementor-field-label\">\n\t\t\t\t\t\t\t\t\u00bfAlguna informaci\u00f3n adicional?\t\t\t\t\t\t\t<\/label>\n\t\t\t\t\t\t<textarea class=\"elementor-field-textual elementor-field  elementor-size-sm\" name=\"form_fields[field_d28ffba]\" id=\"form-field-field_d28ffba\" rows=\"4\"><\/textarea>\t\t\t\t<\/div>\n\t\t\t\t\t\t\t\t<div class=\"elementor-field-type-acceptance elementor-field-group elementor-column elementor-field-group-field_0b141fe elementor-col-100\">\n\t\t\t\t\t\t\t<div class=\"elementor-field-subgroup\">\n\t\t\t<span class=\"elementor-field-option\">\n\t\t\t\t<input type=\"checkbox\" name=\"form_fields[field_0b141fe]\" id=\"form-field-field_0b141fe\" class=\"elementor-field elementor-size-sm  elementor-acceptance-field\" checked=\"checked\">\n\t\t\t\t<label for=\"form-field-field_0b141fe\">Acepto que los datos ingresados en este formulario ser\u00e1n utilizados \u00fanicamente por ALZA GROUP<\/label>\t\t\t<\/span>\n\t\t<\/div>\n\t\t\t\t\t\t<\/div>\n\t\t\t\t\t\t\t\t<div class=\"elementor-field-group elementor-column elementor-field-type-submit elementor-col-100 e-form__buttons\">\n\t\t\t\t\t<button class=\"elementor-button elementor-size-sm\" type=\"submit\">\n\t\t\t\t\t\t<span class=\"elementor-button-content-wrapper\">\n\t\t\t\t\t\t\t\t\t\t\t\t\t\t\t<span class=\"elementor-button-icon\">\n\t\t\t\t\t\t\t\t\t<svg aria-hidden=\"true\" class=\"e-font-icon-svg e-fas-paper-plane\" viewBox=\"0 0 512 512\" xmlns=\"http:\/\/www.w3.org\/2000\/svg\"><path d=\"M476 3.2L12.5 270.6c-18.1 10.4-15.8 35.6 2.2 43.2L121 358.4l287.3-253.2c5.5-4.9 13.3 2.6 8.6 8.3L176 407v80.5c0 23.6 28.5 32.9 42.5 15.8L282 426l124.6 52.2c14.2 6 30.4-2.9 33-18.2l72-432C515 7.8 493.3-6.8 476 3.2z\"><\/path><\/svg>\t\t\t\t\t\t\t\t\t\t\t\t\t\t\t\t\t<\/span>\n\t\t\t\t\t\t\t\t\t\t\t\t\t\t\t\t\t\t\t\t\t\t<span class=\"elementor-button-text\">Enviar pedido de cotizaci\u00f3n<\/span>\n\t\t\t\t\t\t\t\t\t\t\t\t\t<\/span>\n\t\t\t\t\t<\/button>\n\t\t\t\t<\/div>\n\t\t\t<\/div>\n\t\t<\/form>\n\t\t\t\t\t\t<\/div>\n\t\t\t\t<\/div>\n\t\t\t\t\t<\/div>\n\t\t\t\t<\/div>\n\t\t\t\t<\/div>\n\t\t","protected":false},"excerpt":{"rendered":"<p>Cotizaci\u00f3n Completa el siguiente formulario con la mayor cantidad de informaci\u00f3n y as\u00ed podr\u00e1s ver c\u00f3mo Alza Group puede adaptar sus soluciones de log\u00edstica integral para satisfacer tus necesidades comerciales \u00fanicas. \u00a1Empecemos a trabajar juntos! Completa el siguiente formulario<\/p>\n","protected":false},"author":1,"featured_media":0,"parent":0,"menu_order":0,"comment_status":"closed","ping_status":"closed","template":"","meta":{"inline_featured_image":false,"_joinchat":[],"footnotes":""},"class_list":["post-49","page","type-page","status-publish","hentry"],"_links":{"self":[{"href":"https:\/\/alzagroup.org\/es\/wp-json\/wp\/v2\/pages\/49","targetHints":{"allow":["GET"]}}],"collection":[{"href":"https:\/\/alzagroup.org\/es\/wp-json\/wp\/v2\/pages"}],"about":[{"href":"https:\/\/alzagroup.org\/es\/wp-json\/wp\/v2\/types\/page"}],"author":[{"embeddable":true,"href":"https:\/\/alzagroup.org\/es\/wp-json\/wp\/v2\/users\/1"}],"replies":[{"embeddable":true,"href":"https:\/\/alzagroup.org\/es\/wp-json\/wp\/v2\/comments?post=49"}],"version-history":[{"count":5,"href":"https:\/\/alzagroup.org\/es\/wp-json\/wp\/v2\/pages\/49\/revisions"}],"predecessor-version":[{"id":1772,"href":"https:\/\/alzagroup.org\/es\/wp-json\/wp\/v2\/pages\/49\/revisions\/1772"}],"wp:attachment":[{"href":"https:\/\/alzagroup.org\/es\/wp-json\/wp\/v2\/media?parent=49"}],"curies":[{"name":"wp","href":"https:\/\/api.w.org\/{rel}","templated":true}]}}